{"id":1094,"date":"2025-05-06T21:32:18","date_gmt":"2025-05-06T20:32:18","guid":{"rendered":"https:\/\/moeysalen.no\/?page_id=1094"},"modified":"2025-05-10T21:04:21","modified_gmt":"2025-05-10T20:04:21","slug":"booking-terms","status":"publish","type":"page","link":"https:\/\/moeysalen.no\/en\/bestillingsvilkar\/","title":{"rendered":"Booking terms"},"content":{"rendered":"<div data-elementor-type=\"wp-page\" data-elementor-id=\"1094\" class=\"elementor elementor-1094\" data-elementor-post-type=\"page\">\n\t\t\t\t<div class=\"elementor-element elementor-element-eb65f8f e-flex e-con-boxed e-con e-parent\" data-id=\"eb65f8f\" data-element_type=\"container\" data-e-type=\"container\">\n\t\t\t\t\t<div class=\"e-con-inner\">\n\t\t\t\t<div class=\"elementor-element elementor-element-5323da0 elementor-widget elementor-widget-heading\" data-id=\"5323da0\" data-element_type=\"widget\" data-e-type=\"widget\" data-widget_type=\"heading.default\">\n\t\t\t\t<div class=\"elementor-widget-container\">\n\t\t\t\t\t<h1 class=\"elementor-heading-title elementor-size-default\">Booking terms<\/h1>\t\t\t\t<\/div>\n\t\t\t\t<\/div>\n\t\t\t\t<div class=\"elementor-element elementor-element-4576e4f elementor-widget elementor-widget-text-editor\" data-id=\"4576e4f\" data-element_type=\"widget\" data-e-type=\"widget\" data-widget_type=\"text-editor.default\">\n\t\t\t\t<div class=\"elementor-widget-container\">\n\t\t\t\t\t\t\t\t\t<p>Booking terms for purchase and participation in scheduled trips. Scheduled trips are all activities with fixed departures as published on our website.<\/p>\t\t\t\t\t\t\t\t<\/div>\n\t\t\t\t<\/div>\n\t\t\t\t<div class=\"elementor-element elementor-element-757aacb elementor-widget elementor-widget-heading\" data-id=\"757aacb\" data-element_type=\"widget\" data-e-type=\"widget\" data-widget_type=\"heading.default\">\n\t\t\t\t<div class=\"elementor-widget-container\">\n\t\t\t\t\t<h2 class=\"elementor-heading-title elementor-size-default\">Booking confirmation<\/h2>\t\t\t\t<\/div>\n\t\t\t\t<\/div>\n\t\t\t\t<div class=\"elementor-element elementor-element-0f4d8ad elementor-widget elementor-widget-text-editor\" data-id=\"0f4d8ad\" data-element_type=\"widget\" data-e-type=\"widget\" data-widget_type=\"text-editor.default\">\n\t\t\t\t<div class=\"elementor-widget-container\">\n\t\t\t\t\t\t\t\t\t<p>The order is binding when you have received confirmation from M\u00f8ysalen Nasjonalparksenter that payment has been received. M\u00f8ysalen Nasjonalparksenter is then responsible for delivering the products\/experiences you have ordered, while you become financially responsible for the order. At the moment you make a order, you also confirm that you have the authority to accept on behalf of yourself and any traveling party. You accept responsibility for payment being made to us for all travelers in your party. You are responsible for ensuring that the reservation is in accordance with the order. You will be responsible for ensuring that everyone in your party is kept fully informed of what has been ordered and of any changes.<\/p>\t\t\t\t\t\t\t\t<\/div>\n\t\t\t\t<\/div>\n\t\t\t\t<div class=\"elementor-element elementor-element-a2d6aba elementor-widget elementor-widget-heading\" data-id=\"a2d6aba\" data-element_type=\"widget\" data-e-type=\"widget\" data-widget_type=\"heading.default\">\n\t\t\t\t<div class=\"elementor-widget-container\">\n\t\t\t\t\t<h2 class=\"elementor-heading-title elementor-size-default\">Cancellation<\/h2>\t\t\t\t<\/div>\n\t\t\t\t<\/div>\n\t\t\t\t<div class=\"elementor-element elementor-element-114c75d elementor-widget elementor-widget-text-editor\" data-id=\"114c75d\" data-element_type=\"widget\" data-e-type=\"widget\" data-widget_type=\"text-editor.default\">\n\t\t\t\t<div class=\"elementor-widget-container\">\n\t\t\t\t\t\t\t\t\t<p class=\"translation-block\">You can cancel your booking free of charge up to 48 hours before departure for the activity. The amount paid will be refunded in full. For cancellations less than 48 hours before departure, <span style=\"text-decoration: underline\">no<\/span> refund can be expected.<\/p>\t\t\t\t\t\t\t\t<\/div>\n\t\t\t\t<\/div>\n\t\t\t\t<div class=\"elementor-element elementor-element-c21fea4 elementor-widget elementor-widget-heading\" data-id=\"c21fea4\" data-element_type=\"widget\" data-e-type=\"widget\" data-widget_type=\"heading.default\">\n\t\t\t\t<div class=\"elementor-widget-container\">\n\t\t\t\t\t<h2 class=\"elementor-heading-title elementor-size-default\">Description of execution<\/h2>\t\t\t\t<\/div>\n\t\t\t\t<\/div>\n\t\t\t\t<div class=\"elementor-element elementor-element-5aadd76 elementor-widget elementor-widget-text-editor\" data-id=\"5aadd76\" data-element_type=\"widget\" data-e-type=\"widget\" data-widget_type=\"text-editor.default\">\n\t\t\t\t<div class=\"elementor-widget-container\">\n\t\t\t\t\t\t\t\t\t<p>M\u00f8ysalen Nasjonalparksenter reserves the right to change trips and programs due to weather conditions. All programs and trips may be changed or canceled for safety reasons. In the event of cancellation on our part, the amount paid will be refunded in full. The participant who has booked the trip will mainly be contacted by e-mail (or telephone) registered in the booking. It is therefore important that the participant checks their e-mail regularly for messages.<\/p>\t\t\t\t\t\t\t\t<\/div>\n\t\t\t\t<\/div>\n\t\t\t\t<div class=\"elementor-element elementor-element-9a2146c elementor-widget elementor-widget-heading\" data-id=\"9a2146c\" data-element_type=\"widget\" data-e-type=\"widget\" data-widget_type=\"heading.default\">\n\t\t\t\t<div class=\"elementor-widget-container\">\n\t\t\t\t\t<h2 class=\"elementor-heading-title elementor-size-default\">Responsibility<\/h2>\t\t\t\t<\/div>\n\t\t\t\t<\/div>\n\t\t\t\t<div class=\"elementor-element elementor-element-3cf3cf4 elementor-widget elementor-widget-text-editor\" data-id=\"3cf3cf4\" data-element_type=\"widget\" data-e-type=\"widget\" data-widget_type=\"text-editor.default\">\n\t\t\t\t<div class=\"elementor-widget-container\">\n\t\t\t\t\t\t\t\t\t<p>Participants must have current travel insurance. M\u00f8ysalen Nasjonalparksenter cannot be held responsible for losses and additional costs due to delays beyond the company's control such as strikes, accidents, illness or other circumstances that fall under force majeure. M\u00f8ysalen Nasjonalparksenter is not responsible for valuables brought by the customer, such as bags, glasses, camera\/phone, clothes, etc.<\/p>\t\t\t\t\t\t\t\t<\/div>\n\t\t\t\t<\/div>\n\t\t\t\t<div class=\"elementor-element elementor-element-66c8614 elementor-widget elementor-widget-heading\" data-id=\"66c8614\" data-element_type=\"widget\" data-e-type=\"widget\" data-widget_type=\"heading.default\">\n\t\t\t\t<div class=\"elementor-widget-container\">\n\t\t\t\t\t<h2 class=\"elementor-heading-title elementor-size-default\">Customer&#039;s obligation<\/h2>\t\t\t\t<\/div>\n\t\t\t\t<\/div>\n\t\t\t\t<div class=\"elementor-element elementor-element-20331eb elementor-widget elementor-widget-text-editor\" data-id=\"20331eb\" data-element_type=\"widget\" data-e-type=\"widget\" data-widget_type=\"text-editor.default\">\n\t\t\t\t<div class=\"elementor-widget-container\">\n\t\t\t\t\t\t\t\t\t<p>Participants are responsible for assessing whether they are physically and mentally fit to participate in booked trips. The customer must comply with the rules and instructions given by the organizer.<\/p><p>M\u00f8ysalen Nasjonalparksenter reserves the right to refuse participation in a trip if the customer is a threat to safety, either to themselves or the other participants, or if the customer behaves in such a way that he\/she is a great shyness to the other participants.<\/p><p>Participants on our trips confirm with their reservation that there are no medical reasons to doubt their participation in the described program. Instructions given from our guides must be followed. In cases where this is not followed, our guides have the right to reject the participant from further participation in the trip. In such cases, the participant will not be entitled to a refund.<\/p><p>In the event that a participant cancels their participation in a trip or program at their own request less than 48 hours before departure, they are not entitled to a refund.<\/p>\t\t\t\t\t\t\t\t<\/div>\n\t\t\t\t<\/div>\n\t\t\t\t<div class=\"elementor-element elementor-element-8c7f761 elementor-widget elementor-widget-heading\" data-id=\"8c7f761\" data-element_type=\"widget\" data-e-type=\"widget\" data-widget_type=\"heading.default\">\n\t\t\t\t<div class=\"elementor-widget-container\">\n\t\t\t\t\t<h2 class=\"elementor-heading-title elementor-size-default\">Disputes<\/h2>\t\t\t\t<\/div>\n\t\t\t\t<\/div>\n\t\t\t\t<div class=\"elementor-element elementor-element-910107b elementor-widget elementor-widget-text-editor\" data-id=\"910107b\" data-element_type=\"widget\" data-e-type=\"widget\" data-widget_type=\"text-editor.default\">\n\t\t\t\t<div class=\"elementor-widget-container\">\n\t\t\t\t\t\t\t\t\t<p>Any disputes between the customer and M\u00f8ysalen Nasjonalparksenter are subject to the jurisdiction of local courts where M\u00f8ysalen Nasjonalparksenter AS is located.<\/p>\t\t\t\t\t\t\t\t<\/div>\n\t\t\t\t<\/div>\n\t\t\t\t<div class=\"elementor-element elementor-element-8bb4974 elementor-widget elementor-widget-heading\" data-id=\"8bb4974\" data-element_type=\"widget\" data-e-type=\"widget\" data-widget_type=\"heading.default\">\n\t\t\t\t<div class=\"elementor-widget-container\">\n\t\t\t\t\t<h3 class=\"elementor-heading-title elementor-size-default\">Do you have any questions?<\/h3>\t\t\t\t<\/div>\n\t\t\t\t<\/div>\n\t\t\t\t<div class=\"elementor-element elementor-element-5dab002 elementor-widget elementor-widget-text-editor\" data-id=\"5dab002\" data-element_type=\"widget\" data-e-type=\"widget\" data-widget_type=\"text-editor.default\">\n\t\t\t\t<div class=\"elementor-widget-container\">\n\t\t\t\t\t\t\t\t\t<p class=\"translation-block\">If you have any questions regarding our terms and conditions, please do not hesitate to contact us by phone <a href=\"tel:+47 974 60 889\" target=\"_blank\" rel=\"noopener\">+47 974 60 889<\/a> or email <a href=\"mailto:booking@moeysalen.no\" target=\"_blank\" rel=\"noopener\">booking@moeysalen.no<\/a>.<\/p>\t\t\t\t\t\t\t\t<\/div>\n\t\t\t\t<\/div>\n\t\t\t\t\t<\/div>\n\t\t\t\t<\/div>\n\t\t\t\t<\/div>","protected":false},"excerpt":{"rendered":"<p>Bestillingsvilk\u00e5r Betingelser for kj\u00f8p og deltakelse ved programfaste turer. Som programfaste turer menes alle aktiviteter med fastsatte avganger som publisert p\u00e5 v\u00e5re nettsider. Booking bekreftelse Bestillingen er bindende n\u00e5r du har mottatt skriftlig bekreftelse fra M\u00f8ysalen nasjonalparksenter om mottatt betaling. M\u00f8ysalen nasjonalparksenter er da ansvarlig for \u00e5 levere de produkter\/opplevelser du har bestilt, samtidig som [&hellip;]<\/p>\n","protected":false},"author":2,"featured_media":0,"parent":0,"menu_order":0,"comment_status":"closed","ping_status":"closed","template":"elementor_header_footer","meta":{"footnotes":""},"class_list":["post-1094","page","type-page","status-publish","hentry"],"yoast_head":"<!-- This site is optimized with the Yoast SEO plugin v27.5 - https:\/\/yoast.com\/product\/yoast-seo-wordpress\/ -->\n<title>Bestillingsvilk\u00e5r | M\u00f8ysalen Nasjonalparksenter<\/title>\n<meta name=\"description\" content=\"Betingelser for kj\u00f8p og deltakelse ved programfaste turer. Her menes alle aktiviteter med fastsatte avganger som publisert p\u00e5 v\u00e5re nettsider.\" \/>\n<meta name=\"robots\" content=\"index, follow, max-snippet:-1, max-image-preview:large, max-video-preview:-1\" \/>\n<link rel=\"canonical\" href=\"https:\/\/moeysalen.no\/en\/booking-terms\/\" \/>\n<meta property=\"og:locale\" content=\"en_US\" \/>\n<meta property=\"og:type\" content=\"article\" \/>\n<meta property=\"og:title\" content=\"Bestillingsvilk\u00e5r\" \/>\n<meta property=\"og:description\" content=\"Betingelser for kj\u00f8p og deltakelse ved programfaste turer. Her menes alle aktiviteter med fastsatte avganger som publisert p\u00e5 v\u00e5re nettsider.\" \/>\n<meta property=\"og:url\" content=\"https:\/\/moeysalen.no\/en\/booking-terms\/\" \/>\n<meta property=\"og:site_name\" content=\"M\u00f8ysalen Nasjonalparksenter\" \/>\n<meta property=\"article:publisher\" content=\"https:\/\/www.facebook.com\/profile.php?id=100048671601552\" \/>\n<meta property=\"article:modified_time\" content=\"2025-05-10T20:04:21+00:00\" \/>\n<meta property=\"og:image\" content=\"https:\/\/moeysalen.no\/wp-content\/uploads\/2025\/05\/moysaltur-gruppe-pa-tur-nasjonalparken.jpg\" \/>\n\t<meta property=\"og:image:width\" content=\"1200\" \/>\n\t<meta property=\"og:image:height\" content=\"900\" \/>\n\t<meta property=\"og:image:type\" content=\"image\/jpeg\" \/>\n<meta name=\"twitter:card\" content=\"summary_large_image\" \/>\n<meta name=\"twitter:label1\" content=\"Est. reading time\" \/>\n\t<meta name=\"twitter:data1\" content=\"3 minutes\" \/>\n<script type=\"application\/ld+json\" class=\"yoast-schema-graph\">{\"@context\":\"https:\\\/\\\/schema.org\",\"@graph\":[{\"@type\":\"WebPage\",\"@id\":\"https:\\\/\\\/moeysalen.no\\\/bestillingsvilkar\\\/\",\"url\":\"https:\\\/\\\/moeysalen.no\\\/bestillingsvilkar\\\/\",\"name\":\"Bestillingsvilk\u00e5r | M\u00f8ysalen Nasjonalparksenter\",\"isPartOf\":{\"@id\":\"https:\\\/\\\/moeysalen.no\\\/#website\"},\"datePublished\":\"2025-05-06T20:32:18+00:00\",\"dateModified\":\"2025-05-10T20:04:21+00:00\",\"description\":\"Betingelser for kj\u00f8p og deltakelse ved programfaste turer. Her menes alle aktiviteter med fastsatte avganger som publisert p\u00e5 v\u00e5re nettsider.\",\"breadcrumb\":{\"@id\":\"https:\\\/\\\/moeysalen.no\\\/bestillingsvilkar\\\/#breadcrumb\"},\"inLanguage\":\"en\",\"potentialAction\":[{\"@type\":\"ReadAction\",\"target\":[\"https:\\\/\\\/moeysalen.no\\\/bestillingsvilkar\\\/\"]}]},{\"@type\":\"BreadcrumbList\",\"@id\":\"https:\\\/\\\/moeysalen.no\\\/bestillingsvilkar\\\/#breadcrumb\",\"itemListElement\":[{\"@type\":\"ListItem\",\"position\":1,\"name\":\"Hjem\",\"item\":\"https:\\\/\\\/moeysalen.no\\\/\"},{\"@type\":\"ListItem\",\"position\":2,\"name\":\"Bestillingsvilk\u00e5r\"}]},{\"@type\":\"WebSite\",\"@id\":\"https:\\\/\\\/moeysalen.no\\\/#website\",\"url\":\"https:\\\/\\\/moeysalen.no\\\/\",\"name\":\"M\u00f8ysalen Nasjonalparksenter\",\"description\":\"\",\"publisher\":{\"@id\":\"https:\\\/\\\/moeysalen.no\\\/#organization\"},\"potentialAction\":[{\"@type\":\"SearchAction\",\"target\":{\"@type\":\"EntryPoint\",\"urlTemplate\":\"https:\\\/\\\/moeysalen.no\\\/?s={search_term_string}\"},\"query-input\":{\"@type\":\"PropertyValueSpecification\",\"valueRequired\":true,\"valueName\":\"search_term_string\"}}],\"inLanguage\":\"en\"},{\"@type\":\"Organization\",\"@id\":\"https:\\\/\\\/moeysalen.no\\\/#organization\",\"name\":\"M\u00f8ysalen Nasjonalparksenter\",\"url\":\"https:\\\/\\\/moeysalen.no\\\/\",\"logo\":{\"@type\":\"ImageObject\",\"inLanguage\":\"en\",\"@id\":\"https:\\\/\\\/moeysalen.no\\\/#\\\/schema\\\/logo\\\/image\\\/\",\"url\":\"https:\\\/\\\/moeysalen.no\\\/wp-content\\\/uploads\\\/2025\\\/04\\\/Moysalen-Nasjonalparksenter-logo-original.png\",\"contentUrl\":\"https:\\\/\\\/moeysalen.no\\\/wp-content\\\/uploads\\\/2025\\\/04\\\/Moysalen-Nasjonalparksenter-logo-original.png\",\"width\":350,\"height\":209,\"caption\":\"M\u00f8ysalen Nasjonalparksenter\"},\"image\":{\"@id\":\"https:\\\/\\\/moeysalen.no\\\/#\\\/schema\\\/logo\\\/image\\\/\"},\"sameAs\":[\"https:\\\/\\\/www.facebook.com\\\/profile.php?id=100048671601552\",\"https:\\\/\\\/www.instagram.com\\\/moysalennasjonalparksenter\\\/\"]}]}<\/script>\n<!-- \/ Yoast SEO plugin. -->","yoast_head_json":{"title":"Booking terms and conditions | M\u00f8ysalen National Park Center","description":"Conditions for purchase and participation in fixed-program tours. This refers to all activities with fixed departures as published on our website.","robots":{"index":"index","follow":"follow","max-snippet":"max-snippet:-1","max-image-preview":"max-image-preview:large","max-video-preview":"max-video-preview:-1"},"canonical":"https:\/\/moeysalen.no\/en\/booking-terms\/","og_locale":"en_US","og_type":"article","og_title":"Bestillingsvilk\u00e5r","og_description":"Betingelser for kj\u00f8p og deltakelse ved programfaste turer. Her menes alle aktiviteter med fastsatte avganger som publisert p\u00e5 v\u00e5re nettsider.","og_url":"https:\/\/moeysalen.no\/en\/booking-terms\/","og_site_name":"M\u00f8ysalen Nasjonalparksenter","article_publisher":"https:\/\/www.facebook.com\/profile.php?id=100048671601552","article_modified_time":"2025-05-10T20:04:21+00:00","og_image":[{"width":1200,"height":900,"url":"https:\/\/moeysalen.no\/wp-content\/uploads\/2025\/05\/moysaltur-gruppe-pa-tur-nasjonalparken.jpg","type":"image\/jpeg"}],"twitter_card":"summary_large_image","twitter_misc":{"Est. reading time":"3 minutes"},"schema":{"@context":"https:\/\/schema.org","@graph":[{"@type":"WebPage","@id":"https:\/\/moeysalen.no\/bestillingsvilkar\/","url":"https:\/\/moeysalen.no\/bestillingsvilkar\/","name":"Booking terms and conditions | M\u00f8ysalen National Park Center","isPartOf":{"@id":"https:\/\/moeysalen.no\/#website"},"datePublished":"2025-05-06T20:32:18+00:00","dateModified":"2025-05-10T20:04:21+00:00","description":"Conditions for purchase and participation in fixed-program tours. This refers to all activities with fixed departures as published on our website.","breadcrumb":{"@id":"https:\/\/moeysalen.no\/bestillingsvilkar\/#breadcrumb"},"inLanguage":"en","potentialAction":[{"@type":"ReadAction","target":["https:\/\/moeysalen.no\/bestillingsvilkar\/"]}]},{"@type":"BreadcrumbList","@id":"https:\/\/moeysalen.no\/bestillingsvilkar\/#breadcrumb","itemListElement":[{"@type":"ListItem","position":1,"name":"Hjem","item":"https:\/\/moeysalen.no\/"},{"@type":"ListItem","position":2,"name":"Bestillingsvilk\u00e5r"}]},{"@type":"WebSite","@id":"https:\/\/moeysalen.no\/#website","url":"https:\/\/moeysalen.no\/","name":"M\u00f8ysalen National Park Center","description":"","publisher":{"@id":"https:\/\/moeysalen.no\/#organization"},"potentialAction":[{"@type":"SearchAction","target":{"@type":"EntryPoint","urlTemplate":"https:\/\/moeysalen.no\/?s={search_term_string}"},"query-input":{"@type":"PropertyValueSpecification","valueRequired":true,"valueName":"search_term_string"}}],"inLanguage":"en"},{"@type":"Organization","@id":"https:\/\/moeysalen.no\/#organization","name":"M\u00f8ysalen National Park Center","url":"https:\/\/moeysalen.no\/","logo":{"@type":"ImageObject","inLanguage":"en","@id":"https:\/\/moeysalen.no\/#\/schema\/logo\/image\/","url":"https:\/\/moeysalen.no\/wp-content\/uploads\/2025\/04\/Moysalen-Nasjonalparksenter-logo-original.png","contentUrl":"https:\/\/moeysalen.no\/wp-content\/uploads\/2025\/04\/Moysalen-Nasjonalparksenter-logo-original.png","width":350,"height":209,"caption":"M\u00f8ysalen Nasjonalparksenter"},"image":{"@id":"https:\/\/moeysalen.no\/#\/schema\/logo\/image\/"},"sameAs":["https:\/\/www.facebook.com\/profile.php?id=100048671601552","https:\/\/www.instagram.com\/moysalennasjonalparksenter\/"]}]}},"_links":{"self":[{"href":"https:\/\/moeysalen.no\/en\/wp-json\/wp\/v2\/pages\/1094","targetHints":{"allow":["GET"]}}],"collection":[{"href":"https:\/\/moeysalen.no\/en\/wp-json\/wp\/v2\/pages"}],"about":[{"href":"https:\/\/moeysalen.no\/en\/wp-json\/wp\/v2\/types\/page"}],"author":[{"embeddable":true,"href":"https:\/\/moeysalen.no\/en\/wp-json\/wp\/v2\/users\/2"}],"replies":[{"embeddable":true,"href":"https:\/\/moeysalen.no\/en\/wp-json\/wp\/v2\/comments?post=1094"}],"version-history":[{"count":7,"href":"https:\/\/moeysalen.no\/en\/wp-json\/wp\/v2\/pages\/1094\/revisions"}],"predecessor-version":[{"id":1146,"href":"https:\/\/moeysalen.no\/en\/wp-json\/wp\/v2\/pages\/1094\/revisions\/1146"}],"wp:attachment":[{"href":"https:\/\/moeysalen.no\/en\/wp-json\/wp\/v2\/media?parent=1094"}],"curies":[{"name":"wp","href":"https:\/\/api.w.org\/{rel}","templated":true}]}}